{"id":15,"date":"2025-08-27T06:45:19","date_gmt":"2025-08-27T06:45:19","guid":{"rendered":"https:\/\/rodrigodalborgo.rkinformatika.online\/?page_id=15"},"modified":"2025-09-03T15:06:10","modified_gmt":"2025-09-03T15:06:10","slug":"services","status":"publish","type":"page","link":"https:\/\/rodrigodalborgo.com\/es\/services\/","title":{"rendered":"Servicios"},"content":{"rendered":"<div data-elementor-type=\"wp-page\" data-elementor-id=\"15\" class=\"elementor elementor-15\" data-elementor-post-type=\"page\">\n\t\t\t\t<div class=\"elementor-element elementor-element-c547ba9 e-flex e-con-boxed e-con e-parent\" data-id=\"c547ba9\" data-element_type=\"container\" data-e-type=\"container\" data-settings=\"{&quot;background_background&quot;:&quot;classic&quot;}\">\n\t\t\t\t\t<div class=\"e-con-inner\">\n\t\t<div class=\"elementor-element elementor-element-97ae1b2 e-con-full e-flex e-con e-child\" data-id=\"97ae1b2\" data-element_type=\"container\" data-e-type=\"container\">\n\t\t\t\t<div class=\"elementor-element elementor-element-6294c0a elementor-widget elementor-widget-heading\" data-id=\"6294c0a\" data-element_type=\"widget\" data-e-type=\"widget\" data-widget_type=\"heading.default\">\n\t\t\t\t\t<h2 class=\"elementor-heading-title elementor-size-default\">Servicios<\/h2>\t\t\t\t<\/div>\n\t\t\t\t<div class=\"elementor-element elementor-element-5210b07 elementor-widget elementor-widget-text-editor\" data-id=\"5210b07\" data-element_type=\"widget\" data-e-type=\"widget\" data-widget_type=\"text-editor.default\">\n\t\t\t\t\t\t\t\t\t<p>Ayudo a las organizaciones a anticipar el cambio y a tomar decisiones informadas mediante la prospectiva estrat\u00e9gica. A trav\u00e9s de conocimientos basados en datos, planificaci\u00f3n de escenarios y enfoques participativos, preparo a equipos y l\u00edderes para transformar la visi\u00f3n a largo plazo en estrategias aplicables.<\/p>\t\t\t\t\t\t\t\t<\/div>\n\t\t\t\t<\/div>\n\t\t<div class=\"elementor-element elementor-element-a40ea9e e-con-full e-flex e-con e-child\" data-id=\"a40ea9e\" data-element_type=\"container\" data-e-type=\"container\">\n\t\t\t\t<div class=\"elementor-element elementor-element-7abe807 elementor--h-position-left elementor--v-position-top elementor-invisible elementor-widget elementor-widget-slides\" data-id=\"7abe807\" data-element_type=\"widget\" data-e-type=\"widget\" data-settings=\"{&quot;navigation&quot;:&quot;none&quot;,&quot;_animation&quot;:&quot;fadeInLeft&quot;,&quot;autoplay&quot;:&quot;yes&quot;,&quot;pause_on_interaction&quot;:&quot;yes&quot;,&quot;autoplay_speed&quot;:5000,&quot;infinite&quot;:&quot;yes&quot;,&quot;transition&quot;:&quot;slide&quot;,&quot;transition_speed&quot;:500}\" data-widget_type=\"slides.default\">\n\t\t\t\t\t\t\t\t\t\t<div class=\"elementor-slides-wrapper elementor-main-swiper swiper\" role=\"region\" aria-roledescription=\"carousel\" aria-label=\"Slides\" dir=\"ltr\" data-animation=\"zoomIn\">\n\t\t\t\t<div class=\"swiper-wrapper elementor-slides\">\n\t\t\t\t\t\t\t\t\t\t<div class=\"elementor-repeater-item-d1a3f49 swiper-slide\" role=\"group\" aria-roledescription=\"slide\"><div class=\"swiper-slide-bg elementor-ken-burns elementor-ken-burns--in\" role=\"img\" aria-label=\"Futuristic abstract background with circular shapes\"><\/div><a class=\"swiper-slide-inner\" href=\"\/es\/contact\/\"><div class=\"swiper-slide-contents\"><div class=\"elementor-slide-heading\">Horizon Scanning y Vigilancia Estrat\u00e9gica<\/div><div class=\"elementor-slide-description\">Dise\u00f1o e implementaci\u00f3n de marcos de exploraci\u00f3n a medida, se\u00f1ales seleccionadas y sesiones informativas anticipatorias, a menudo apoyadas en herramientas basadas en datos.\n<br><br>\nResultados: mapas de exploraci\u00f3n, indicadores de alerta temprana y an\u00e1lisis estructurados para apoyar el aprendizaje estrat\u00e9gico y la toma de decisiones.<\/div><div  class=\"elementor-button elementor-slide-button elementor-size-md\"> Me interesa<\/div><\/div><\/a><\/div>\t\t\t\t<\/div>\n\t\t\t\t\t\t\t<\/div>\n\t\t\t\t\t\t\t\t<\/div>\n\t\t\t\t<\/div>\n\t\t<div class=\"elementor-element elementor-element-a2934f8 e-con-full e-flex e-con e-child\" data-id=\"a2934f8\" data-element_type=\"container\" data-e-type=\"container\">\n\t\t\t\t<div class=\"elementor-element elementor-element-2242c2d elementor--h-position-left elementor--v-position-top elementor-invisible elementor-widget elementor-widget-slides\" data-id=\"2242c2d\" data-element_type=\"widget\" data-e-type=\"widget\" data-settings=\"{&quot;navigation&quot;:&quot;none&quot;,&quot;_animation&quot;:&quot;fadeInRight&quot;,&quot;autoplay&quot;:&quot;yes&quot;,&quot;pause_on_interaction&quot;:&quot;yes&quot;,&quot;autoplay_speed&quot;:5000,&quot;infinite&quot;:&quot;yes&quot;,&quot;transition&quot;:&quot;slide&quot;,&quot;transition_speed&quot;:500}\" data-widget_type=\"slides.default\">\n\t\t\t\t\t\t\t\t\t\t<div class=\"elementor-slides-wrapper elementor-main-swiper swiper\" role=\"region\" aria-roledescription=\"carousel\" aria-label=\"Slides\" dir=\"ltr\" data-animation=\"zoomIn\">\n\t\t\t\t<div class=\"swiper-wrapper elementor-slides\">\n\t\t\t\t\t\t\t\t\t\t<div class=\"elementor-repeater-item-d1a3f49 swiper-slide\" role=\"group\" aria-roledescription=\"slide\"><div class=\"swiper-slide-bg elementor-ken-burns elementor-ken-burns--in\" role=\"img\" aria-label=\"Futuristic abstract background with circular shapes\"><\/div><div class=\"elementor-background-overlay\"><\/div><a class=\"swiper-slide-inner\" href=\"\/es\/contact\/\"><div class=\"swiper-slide-contents\"><div class=\"elementor-slide-heading\">Planificaci\u00f3n de Escenarios y Conversaciones Estrat\u00e9gicas<\/div><div class=\"elementor-slide-description\">Facilitaci\u00f3n de procesos participativos de escenarios para explorar incertidumbres cr\u00edticas, cuestionar supuestos y generar conocimientos que orienten la estrategia y la transformaci\u00f3n organizacional.<br><br>\nResultados: narrativas de escenarios, pruebas de resistencia de opciones estrat\u00e9gicas y conocimientos aplicables para decisiones orientadas al futuro.<\/div><div  class=\"elementor-button elementor-slide-button elementor-size-md\"> Me interesa<\/div><\/div><\/a><\/div>\t\t\t\t<\/div>\n\t\t\t\t\t\t\t<\/div>\n\t\t\t\t\t\t\t\t<\/div>\n\t\t\t\t<\/div>\n\t\t<div class=\"elementor-element elementor-element-fe07c5b e-con-full e-flex e-con e-child\" data-id=\"fe07c5b\" data-element_type=\"container\" data-e-type=\"container\">\n\t\t\t\t<div class=\"elementor-element elementor-element-a387614 elementor--h-position-left elementor--v-position-top elementor-invisible elementor-widget elementor-widget-slides\" data-id=\"a387614\" data-element_type=\"widget\" data-e-type=\"widget\" data-settings=\"{&quot;navigation&quot;:&quot;none&quot;,&quot;_animation&quot;:&quot;fadeInLeft&quot;,&quot;_animation_delay&quot;:200,&quot;autoplay&quot;:&quot;yes&quot;,&quot;pause_on_interaction&quot;:&quot;yes&quot;,&quot;autoplay_speed&quot;:5000,&quot;infinite&quot;:&quot;yes&quot;,&quot;transition&quot;:&quot;slide&quot;,&quot;transition_speed&quot;:500}\" data-widget_type=\"slides.default\">\n\t\t\t\t\t\t\t\t\t\t<div class=\"elementor-slides-wrapper elementor-main-swiper swiper\" role=\"region\" aria-roledescription=\"carousel\" aria-label=\"Slides\" dir=\"ltr\" data-animation=\"zoomIn\">\n\t\t\t\t<div class=\"swiper-wrapper elementor-slides\">\n\t\t\t\t\t\t\t\t\t\t<div class=\"elementor-repeater-item-d1a3f49 swiper-slide\" role=\"group\" aria-roledescription=\"slide\"><div class=\"swiper-slide-bg elementor-ken-burns elementor-ken-burns--in\" role=\"img\" aria-label=\"Futuristic abstract background with circular shapes\"><\/div><div class=\"elementor-background-overlay\"><\/div><a class=\"swiper-slide-inner\" href=\"\/es\/contact\/\"><div class=\"swiper-slide-contents\"><div class=\"elementor-slide-heading\">Capacitaci\u00f3n y Formaci\u00f3n en Prospectiva<\/div><div class=\"elementor-slide-description\">Programas de formaci\u00f3n en prospectiva adaptados a l\u00edderes, analistas y equipos, orientados a fortalecer capacidades anticipatorias e incorporar el pensamiento de futuros en la cultura y los procesos de las organizaciones.<br><br>\nFormatos: talleres interactivos, seminarios ejecutivos y programas de formaci\u00f3n de formadores (train-the-trainer).<\/div><div  class=\"elementor-button elementor-slide-button elementor-size-md\"> Me interesa<\/div><\/div><\/a><\/div>\t\t\t\t<\/div>\n\t\t\t\t\t\t\t<\/div>\n\t\t\t\t\t\t\t\t<\/div>\n\t\t\t\t<\/div>\n\t\t<div class=\"elementor-element elementor-element-ac90269 e-con-full e-flex e-con e-child\" data-id=\"ac90269\" data-element_type=\"container\" data-e-type=\"container\">\n\t\t\t\t<div class=\"elementor-element elementor-element-cf1bbac elementor--h-position-left elementor--v-position-top elementor-invisible elementor-widget elementor-widget-slides\" data-id=\"cf1bbac\" data-element_type=\"widget\" data-e-type=\"widget\" data-settings=\"{&quot;navigation&quot;:&quot;none&quot;,&quot;_animation&quot;:&quot;fadeInRight&quot;,&quot;_animation_delay&quot;:200,&quot;autoplay&quot;:&quot;yes&quot;,&quot;pause_on_interaction&quot;:&quot;yes&quot;,&quot;autoplay_speed&quot;:5000,&quot;infinite&quot;:&quot;yes&quot;,&quot;transition&quot;:&quot;slide&quot;,&quot;transition_speed&quot;:500}\" data-widget_type=\"slides.default\">\n\t\t\t\t\t\t\t\t\t\t<div class=\"elementor-slides-wrapper elementor-main-swiper swiper\" role=\"region\" aria-roledescription=\"carousel\" aria-label=\"Slides\" dir=\"ltr\" data-animation=\"zoomIn\">\n\t\t\t\t<div class=\"swiper-wrapper elementor-slides\">\n\t\t\t\t\t\t\t\t\t\t<div class=\"elementor-repeater-item-d1a3f49 swiper-slide\" role=\"group\" aria-roledescription=\"slide\"><div class=\"swiper-slide-bg elementor-ken-burns elementor-ken-burns--in\" role=\"img\" aria-label=\"Futuristic abstract background with circular shapes\"><\/div><a class=\"swiper-slide-inner\" href=\"\/es\/contact\/\"><div class=\"swiper-slide-contents\"><div class=\"elementor-slide-heading\">Piloto de Prospectiva Integrada<\/div><div class=\"elementor-slide-description\">Una funci\u00f3n de prospectiva temporalmente incorporada en su organizaci\u00f3n, que facilita la experimentaci\u00f3n estructurada con el pensamiento de futuros en contextos estrat\u00e9gicos y operativos reales.<br><br>\nResultado: un prototipo de c\u00f3mo podr\u00eda ser una unidad de prospectiva dedicada, alineada con la din\u00e1mica interna y las necesidades de su organizaci\u00f3n.<\/div><div  class=\"elementor-button elementor-slide-button elementor-size-md\"> Me interesa<\/div><\/div><\/a><\/div>\t\t\t\t<\/div>\n\t\t\t\t\t\t\t<\/div>\n\t\t\t\t\t\t\t\t<\/div>\n\t\t\t\t<\/div>\n\t\t<div class=\"elementor-element elementor-element-a9bc82a e-con-full e-flex e-con e-child\" data-id=\"a9bc82a\" data-element_type=\"container\" data-e-type=\"container\">\n\t\t\t\t<div class=\"elementor-element elementor-element-5fa455d elementor--h-position-left elementor--v-position-top elementor-invisible elementor-widget elementor-widget-slides\" data-id=\"5fa455d\" data-element_type=\"widget\" data-e-type=\"widget\" data-settings=\"{&quot;navigation&quot;:&quot;none&quot;,&quot;_animation&quot;:&quot;fadeInLeft&quot;,&quot;_animation_delay&quot;:400,&quot;autoplay&quot;:&quot;yes&quot;,&quot;pause_on_interaction&quot;:&quot;yes&quot;,&quot;autoplay_speed&quot;:5000,&quot;infinite&quot;:&quot;yes&quot;,&quot;transition&quot;:&quot;slide&quot;,&quot;transition_speed&quot;:500}\" data-widget_type=\"slides.default\">\n\t\t\t\t\t\t\t\t\t\t<div class=\"elementor-slides-wrapper elementor-main-swiper swiper\" role=\"region\" aria-roledescription=\"carousel\" aria-label=\"Slides\" dir=\"ltr\" data-animation=\"zoomIn\">\n\t\t\t\t<div class=\"swiper-wrapper elementor-slides\">\n\t\t\t\t\t\t\t\t\t\t<div class=\"elementor-repeater-item-d1a3f49 swiper-slide\" role=\"group\" aria-roledescription=\"slide\"><div class=\"swiper-slide-bg\" role=\"img\" aria-label=\"Futuristic abstract background with circular shapes\"><\/div><div class=\"elementor-background-overlay\"><\/div><a class=\"swiper-slide-inner\" href=\"\/es\/contact\/\"><div class=\"swiper-slide-contents\"><div class=\"elementor-slide-heading\">Herramientas de Prospectiva a Medida<\/div><div class=\"elementor-slide-description\">Dise\u00f1o y desarrollo de herramientas personalizadas que apoyan la reflexi\u00f3n estrat\u00e9gica y la toma de decisiones, como paneles de incertidumbre, ecosistemas de exploraci\u00f3n y lienzos de sensemaking.<br><br>\nHerramientas: paneles de control, marcos de mapeo visual y herramientas de alineaci\u00f3n adaptadas a su contexto.<\/div><div  class=\"elementor-button elementor-slide-button elementor-size-md\"> Me interesa<\/div><\/div><\/a><\/div>\t\t\t\t<\/div>\n\t\t\t\t\t\t\t<\/div>\n\t\t\t\t\t\t\t\t<\/div>\n\t\t\t\t<\/div>\n\t\t<div class=\"elementor-element elementor-element-35cf4e7 e-con-full e-flex e-con e-child\" data-id=\"35cf4e7\" data-element_type=\"container\" data-e-type=\"container\">\n\t\t\t\t<div class=\"elementor-element elementor-element-568a266 elementor--h-position-left elementor--v-position-top elementor-invisible elementor-widget elementor-widget-slides\" data-id=\"568a266\" data-element_type=\"widget\" data-e-type=\"widget\" data-settings=\"{&quot;navigation&quot;:&quot;none&quot;,&quot;_animation&quot;:&quot;fadeInRight&quot;,&quot;_animation_delay&quot;:400,&quot;autoplay&quot;:&quot;yes&quot;,&quot;pause_on_interaction&quot;:&quot;yes&quot;,&quot;autoplay_speed&quot;:5000,&quot;infinite&quot;:&quot;yes&quot;,&quot;transition&quot;:&quot;slide&quot;,&quot;transition_speed&quot;:500}\" data-widget_type=\"slides.default\">\n\t\t\t\t\t\t\t\t\t\t<div class=\"elementor-slides-wrapper elementor-main-swiper swiper\" role=\"region\" aria-roledescription=\"carousel\" aria-label=\"Slides\" dir=\"ltr\" data-animation=\"zoomIn\">\n\t\t\t\t<div class=\"swiper-wrapper elementor-slides\">\n\t\t\t\t\t\t\t\t\t\t<div class=\"elementor-repeater-item-d1a3f49 swiper-slide\" role=\"group\" aria-roledescription=\"slide\"><div class=\"swiper-slide-bg elementor-ken-burns elementor-ken-burns--in\" role=\"img\" aria-label=\"Futuristic abstract background with circular shapes\"><\/div><div class=\"elementor-background-overlay\"><\/div><a class=\"swiper-slide-inner\" href=\"\/es\/contact\/\"><div class=\"swiper-slide-contents\"><div class=\"elementor-slide-heading\">Investigaci\u00f3n Aplicada y Publicaciones<\/div><div class=\"elementor-slide-description\">Dise\u00f1o e implementaci\u00f3n integral de proyectos de investigaci\u00f3n en la intersecci\u00f3n entre la prospectiva, la gobernanza y la estrategia a largo plazo. Desde la formulaci\u00f3n conceptual hasta el an\u00e1lisis de datos y la publicaci\u00f3n. <br><br>\nResultados: informes de investigaci\u00f3n, policy briefs, art\u00edculos acad\u00e9micos y marcos de referencia para orientar decisiones con visi\u00f3n de futuro.<\/div><div  class=\"elementor-button elementor-slide-button elementor-size-md\"> Me interesa<\/div><\/div><\/a><\/div>\t\t\t\t<\/div>\n\t\t\t\t\t\t\t<\/div>\n\t\t\t\t\t\t\t\t<\/div>\n\t\t\t\t<\/div>\n\t\t<div class=\"elementor-element elementor-element-218c98b e-con-full e-flex e-con e-child\" data-id=\"218c98b\" data-element_type=\"container\" data-e-type=\"container\">\n\t\t\t\t<div class=\"elementor-element elementor-element-fb21d00 elementor-invisible elementor-widget elementor-widget-heading\" data-id=\"fb21d00\" data-element_type=\"widget\" data-e-type=\"widget\" data-settings=\"{&quot;_animation&quot;:&quot;fadeInRight&quot;}\" data-widget_type=\"heading.default\">\n\t\t\t\t\t<h2 class=\"elementor-heading-title elementor-size-default\">Hablemos <\/h2>\t\t\t\t<\/div>\n\t\t\t\t<div class=\"elementor-element elementor-element-e1bd501 elementor-button-info elementor-invisible elementor-widget elementor-widget-button\" data-id=\"e1bd501\" data-element_type=\"widget\" data-e-type=\"widget\" data-settings=\"{&quot;_animation&quot;:&quot;fadeInLeft&quot;}\" data-widget_type=\"button.default\">\n\t\t\t\t\t\t\t\t\t\t<a class=\"elementor-button elementor-button-link elementor-size-sm elementor-animation-wobble-horizontal\" href=\"\/es\/contact\/\">\n\t\t\t\t\t\t<span class=\"elementor-button-content-wrapper\">\n\t\t\t\t\t\t\t\t\t<span class=\"elementor-button-text\">Contacto<\/span>\n\t\t\t\t\t<\/span>\n\t\t\t\t\t<\/a>\n\t\t\t\t\t\t\t\t<\/div>\n\t\t\t\t<\/div>\n\t\t<div class=\"elementor-element elementor-element-73df7e0 e-con-full e-flex e-con e-child\" data-id=\"73df7e0\" data-element_type=\"container\" data-e-type=\"container\">\n\t\t\t\t<div class=\"elementor-element elementor-element-6fad030 elementor--h-position-left elementor--v-position-top elementor-invisible elementor-widget elementor-widget-slides\" data-id=\"6fad030\" data-element_type=\"widget\" data-e-type=\"widget\" data-settings=\"{&quot;navigation&quot;:&quot;none&quot;,&quot;_animation&quot;:&quot;fadeInRight&quot;,&quot;_animation_delay&quot;:600,&quot;autoplay&quot;:&quot;yes&quot;,&quot;pause_on_interaction&quot;:&quot;yes&quot;,&quot;autoplay_speed&quot;:5000,&quot;infinite&quot;:&quot;yes&quot;,&quot;transition&quot;:&quot;slide&quot;,&quot;transition_speed&quot;:500}\" data-widget_type=\"slides.default\">\n\t\t\t\t\t\t\t\t\t\t<div class=\"elementor-slides-wrapper elementor-main-swiper swiper\" role=\"region\" aria-roledescription=\"carousel\" aria-label=\"Slides\" dir=\"ltr\" data-animation=\"zoomIn\">\n\t\t\t\t<div class=\"swiper-wrapper elementor-slides\">\n\t\t\t\t\t\t\t\t\t\t<div class=\"elementor-repeater-item-d1a3f49 swiper-slide\" role=\"group\" aria-roledescription=\"slide\"><div class=\"swiper-slide-bg elementor-ken-burns elementor-ken-burns--in\" role=\"img\" aria-label=\"Futuristic abstract background with circular shapes\"><\/div><a class=\"swiper-slide-inner\" href=\"\/es\/contact\/\"><div class=\"swiper-slide-contents\"><div class=\"elementor-slide-heading\">Asesor\u00eda en Gobernanza Anticipatoria<\/div><div class=\"elementor-slide-description\">Apoyo de asesor\u00eda para instituciones p\u00fablicas y privadas, as\u00ed como para organizaciones internacionales que buscan integrar el pensamiento de futuros en los procesos de gobernanza. Esto incluye evaluaciones institucionales, dise\u00f1o de estrategias, integraci\u00f3n en pol\u00edticas, mapeo de capacidades y desarrollo de herramientas de gobernanza para la toma de decisiones a largo plazo.<br><br>\nResultados: marcos de gobernanza prospectiva, evaluaciones de capacidades institucionales y hojas de ruta de integraci\u00f3n.<\/div><div  class=\"elementor-button elementor-slide-button elementor-size-md\"> Me interesa<\/div><\/div><\/a><\/div>\t\t\t\t<\/div>\n\t\t\t\t\t\t\t<\/div>\n\t\t\t\t\t\t\t\t<\/div>\n\t\t\t\t<\/div>\n\t\t\t\t\t<\/div>\n\t\t\t\t<\/div>\n\t\t\t\t<\/div>","protected":false},"excerpt":{"rendered":"<p>Services I help organisations anticipate change and make informed decisions through strategic foresight. Using data-driven insights, scenario planning, and participatory approaches, I equip teams and leaders to turn long-term vision into actionable strategies. Horizon Scanning &#038; SensemakingDesign and delivery of tailored scanning frameworks, curated signals, and anticipatory briefings \u2014 often supported by data-informed tools. Outputs: [&hellip;]<\/p>\n","protected":false},"author":1,"featured_media":0,"parent":0,"menu_order":0,"comment_status":"closed","ping_status":"closed","template":"elementor_canvas","meta":{"footnotes":""},"class_list":["post-15","page","type-page","status-publish","hentry"],"yoast_head":"<!-- This site is optimized with the Yoast SEO plugin v27.4 - https:\/\/yoast.com\/product\/yoast-seo-wordpress\/ -->\n<title>Services - Rodrigo Dal Borgo<\/title>\n<meta name=\"robots\" content=\"index, follow, max-snippet:-1, max-image-preview:large, max-video-preview:-1\" \/>\n<link rel=\"canonical\" href=\"https:\/\/rodrigodalborgo.com\/es\/services\/\" \/>\n<meta property=\"og:locale\" content=\"es_ES\" \/>\n<meta property=\"og:type\" content=\"article\" \/>\n<meta property=\"og:title\" content=\"Services - Rodrigo Dal Borgo\" \/>\n<meta property=\"og:description\" content=\"Services I help organisations anticipate change and make informed decisions through strategic foresight. Using data-driven insights, scenario planning, and participatory approaches, I equip teams and leaders to turn long-term vision into actionable strategies. Horizon Scanning &#038; SensemakingDesign and delivery of tailored scanning frameworks, curated signals, and anticipatory briefings \u2014 often supported by data-informed tools. Outputs: [&hellip;]\" \/>\n<meta property=\"og:url\" content=\"https:\/\/rodrigodalborgo.com\/es\/services\/\" \/>\n<meta property=\"og:site_name\" content=\"Rodrigo Dal Borgo\" \/>\n<meta property=\"article:modified_time\" content=\"2025-09-03T15:06:10+00:00\" \/>\n<meta name=\"twitter:card\" content=\"summary_large_image\" \/>\n<meta name=\"twitter:label1\" content=\"Tiempo de lectura\" \/>\n\t<meta name=\"twitter:data1\" content=\"2 minutos\" \/>\n<script type=\"application\/ld+json\" class=\"yoast-schema-graph\">{\"@context\":\"https:\\\/\\\/schema.org\",\"@graph\":[{\"@type\":\"WebPage\",\"@id\":\"https:\\\/\\\/rodrigodalborgo.com\\\/services\\\/\",\"url\":\"https:\\\/\\\/rodrigodalborgo.com\\\/services\\\/\",\"name\":\"Services - Rodrigo Dal Borgo\",\"isPartOf\":{\"@id\":\"https:\\\/\\\/rodrigodalborgo.com\\\/en\\\/#website\"},\"datePublished\":\"2025-08-27T06:45:19+00:00\",\"dateModified\":\"2025-09-03T15:06:10+00:00\",\"breadcrumb\":{\"@id\":\"https:\\\/\\\/rodrigodalborgo.com\\\/services\\\/#breadcrumb\"},\"inLanguage\":\"es\",\"potentialAction\":[{\"@type\":\"ReadAction\",\"target\":[\"https:\\\/\\\/rodrigodalborgo.com\\\/services\\\/\"]}]},{\"@type\":\"BreadcrumbList\",\"@id\":\"https:\\\/\\\/rodrigodalborgo.com\\\/services\\\/#breadcrumb\",\"itemListElement\":[{\"@type\":\"ListItem\",\"position\":1,\"name\":\"Portada\",\"item\":\"https:\\\/\\\/rodrigodalborgo.com\\\/\"},{\"@type\":\"ListItem\",\"position\":2,\"name\":\"Services\"}]},{\"@type\":\"WebSite\",\"@id\":\"https:\\\/\\\/rodrigodalborgo.com\\\/en\\\/#website\",\"url\":\"https:\\\/\\\/rodrigodalborgo.com\\\/en\\\/\",\"name\":\"Rodrigo Dal Borgo\",\"description\":\"\",\"publisher\":{\"@id\":\"https:\\\/\\\/rodrigodalborgo.com\\\/en\\\/#organization\"},\"potentialAction\":[{\"@type\":\"SearchAction\",\"target\":{\"@type\":\"EntryPoint\",\"urlTemplate\":\"https:\\\/\\\/rodrigodalborgo.com\\\/en\\\/?s={search_term_string}\"},\"query-input\":{\"@type\":\"PropertyValueSpecification\",\"valueRequired\":true,\"valueName\":\"search_term_string\"}}],\"inLanguage\":\"es\"},{\"@type\":\"Organization\",\"@id\":\"https:\\\/\\\/rodrigodalborgo.com\\\/en\\\/#organization\",\"name\":\"Rodrigo Dal Borgo\",\"url\":\"https:\\\/\\\/rodrigodalborgo.com\\\/en\\\/\",\"logo\":{\"@type\":\"ImageObject\",\"inLanguage\":\"es\",\"@id\":\"https:\\\/\\\/rodrigodalborgo.com\\\/en\\\/#\\\/schema\\\/logo\\\/image\\\/\",\"url\":\"https:\\\/\\\/rodrigodalborgo.com\\\/wp-content\\\/uploads\\\/2025\\\/08\\\/cropped-Original-Logo-scaled-1.png\",\"contentUrl\":\"https:\\\/\\\/rodrigodalborgo.com\\\/wp-content\\\/uploads\\\/2025\\\/08\\\/cropped-Original-Logo-scaled-1.png\",\"width\":2050,\"height\":306,\"caption\":\"Rodrigo Dal Borgo\"},\"image\":{\"@id\":\"https:\\\/\\\/rodrigodalborgo.com\\\/en\\\/#\\\/schema\\\/logo\\\/image\\\/\"}}]}<\/script>\n<!-- \/ Yoast SEO plugin. -->","yoast_head_json":{"title":"Services - Rodrigo Dal Borgo","robots":{"index":"index","follow":"follow","max-snippet":"max-snippet:-1","max-image-preview":"max-image-preview:large","max-video-preview":"max-video-preview:-1"},"canonical":"https:\/\/rodrigodalborgo.com\/es\/services\/","og_locale":"es_ES","og_type":"article","og_title":"Services - Rodrigo Dal Borgo","og_description":"Services I help organisations anticipate change and make informed decisions through strategic foresight. Using data-driven insights, scenario planning, and participatory approaches, I equip teams and leaders to turn long-term vision into actionable strategies. Horizon Scanning &#038; SensemakingDesign and delivery of tailored scanning frameworks, curated signals, and anticipatory briefings \u2014 often supported by data-informed tools. Outputs: [&hellip;]","og_url":"https:\/\/rodrigodalborgo.com\/es\/services\/","og_site_name":"Rodrigo Dal Borgo","article_modified_time":"2025-09-03T15:06:10+00:00","twitter_card":"summary_large_image","twitter_misc":{"Tiempo de lectura":"2 minutos"},"schema":{"@context":"https:\/\/schema.org","@graph":[{"@type":"WebPage","@id":"https:\/\/rodrigodalborgo.com\/services\/","url":"https:\/\/rodrigodalborgo.com\/services\/","name":"Services - Rodrigo Dal Borgo","isPartOf":{"@id":"https:\/\/rodrigodalborgo.com\/en\/#website"},"datePublished":"2025-08-27T06:45:19+00:00","dateModified":"2025-09-03T15:06:10+00:00","breadcrumb":{"@id":"https:\/\/rodrigodalborgo.com\/services\/#breadcrumb"},"inLanguage":"es","potentialAction":[{"@type":"ReadAction","target":["https:\/\/rodrigodalborgo.com\/services\/"]}]},{"@type":"BreadcrumbList","@id":"https:\/\/rodrigodalborgo.com\/services\/#breadcrumb","itemListElement":[{"@type":"ListItem","position":1,"name":"Portada","item":"https:\/\/rodrigodalborgo.com\/"},{"@type":"ListItem","position":2,"name":"Services"}]},{"@type":"WebSite","@id":"https:\/\/rodrigodalborgo.com\/en\/#website","url":"https:\/\/rodrigodalborgo.com\/en\/","name":"Rodrigo Dal Borgo","description":"","publisher":{"@id":"https:\/\/rodrigodalborgo.com\/en\/#organization"},"potentialAction":[{"@type":"SearchAction","target":{"@type":"EntryPoint","urlTemplate":"https:\/\/rodrigodalborgo.com\/en\/?s={search_term_string}"},"query-input":{"@type":"PropertyValueSpecification","valueRequired":true,"valueName":"search_term_string"}}],"inLanguage":"es"},{"@type":"Organization","@id":"https:\/\/rodrigodalborgo.com\/en\/#organization","name":"Rodrigo Dal Borgo","url":"https:\/\/rodrigodalborgo.com\/en\/","logo":{"@type":"ImageObject","inLanguage":"es","@id":"https:\/\/rodrigodalborgo.com\/en\/#\/schema\/logo\/image\/","url":"https:\/\/rodrigodalborgo.com\/wp-content\/uploads\/2025\/08\/cropped-Original-Logo-scaled-1.png","contentUrl":"https:\/\/rodrigodalborgo.com\/wp-content\/uploads\/2025\/08\/cropped-Original-Logo-scaled-1.png","width":2050,"height":306,"caption":"Rodrigo Dal Borgo"},"image":{"@id":"https:\/\/rodrigodalborgo.com\/en\/#\/schema\/logo\/image\/"}}]}},"_links":{"self":[{"href":"https:\/\/rodrigodalborgo.com\/es\/wp-json\/wp\/v2\/pages\/15","targetHints":{"allow":["GET"]}}],"collection":[{"href":"https:\/\/rodrigodalborgo.com\/es\/wp-json\/wp\/v2\/pages"}],"about":[{"href":"https:\/\/rodrigodalborgo.com\/es\/wp-json\/wp\/v2\/types\/page"}],"author":[{"embeddable":true,"href":"https:\/\/rodrigodalborgo.com\/es\/wp-json\/wp\/v2\/users\/1"}],"replies":[{"embeddable":true,"href":"https:\/\/rodrigodalborgo.com\/es\/wp-json\/wp\/v2\/comments?post=15"}],"version-history":[{"count":292,"href":"https:\/\/rodrigodalborgo.com\/es\/wp-json\/wp\/v2\/pages\/15\/revisions"}],"predecessor-version":[{"id":2898,"href":"https:\/\/rodrigodalborgo.com\/es\/wp-json\/wp\/v2\/pages\/15\/revisions\/2898"}],"wp:attachment":[{"href":"https:\/\/rodrigodalborgo.com\/es\/wp-json\/wp\/v2\/media?parent=15"}],"curies":[{"name":"wp","href":"https:\/\/api.w.org\/{rel}","templated":true}]}}