{"id":19,"date":"2025-08-27T06:46:17","date_gmt":"2025-08-27T06:46:17","guid":{"rendered":"https:\/\/rodrigodalborgo.rkinformatika.online\/?page_id=19"},"modified":"2025-09-29T14:34:14","modified_gmt":"2025-09-29T14:34:14","slug":"research","status":"publish","type":"page","link":"https:\/\/rodrigodalborgo.com\/es\/research\/","title":{"rendered":"Investigaci\u00f3n"},"content":{"rendered":"<div data-elementor-type=\"wp-page\" data-elementor-id=\"19\" class=\"elementor elementor-19\" data-elementor-post-type=\"page\">\n\t\t\t\t<div class=\"elementor-element elementor-element-a491efa e-flex e-con-boxed e-con e-parent\" data-id=\"a491efa\" data-element_type=\"container\" data-e-type=\"container\" data-settings=\"{&quot;background_background&quot;:&quot;classic&quot;}\">\n\t\t\t\t\t<div class=\"e-con-inner\">\n\t\t\t\t<div class=\"elementor-element elementor-element-ac67d98 elementor-widget elementor-widget-heading\" data-id=\"ac67d98\" data-element_type=\"widget\" data-e-type=\"widget\" data-widget_type=\"heading.default\">\n\t\t\t\t\t<h2 class=\"elementor-heading-title elementor-size-default\">Mis \u00faltimas investigaciones <br> y publicaciones<\/h2>\t\t\t\t<\/div>\n\t\t\t\t\t<\/div>\n\t\t\t\t<\/div>\n\t\t<div class=\"elementor-element elementor-element-2a6d16c e-flex e-con-boxed e-con e-parent\" data-id=\"2a6d16c\" data-element_type=\"container\" data-e-type=\"container\" data-settings=\"{&quot;background_background&quot;:&quot;classic&quot;}\">\n\t\t\t\t\t<div class=\"e-con-inner\">\n\t\t\t\t<div class=\"elementor-element elementor-element-859fc53 elementor-widget elementor-widget-heading\" data-id=\"859fc53\" data-element_type=\"widget\" data-e-type=\"widget\" data-widget_type=\"heading.default\">\n\t\t\t\t\t<h2 class=\"elementor-heading-title elementor-size-default\">Libros e Informes<\/h2>\t\t\t\t<\/div>\n\t\t<div class=\"elementor-element elementor-element-2087b9e e-con-full e-flex e-con e-child\" data-id=\"2087b9e\" data-element_type=\"container\" data-e-type=\"container\">\n\t\t\t\t<div class=\"elementor-element elementor-element-8eb3130 elementor-icon-list--layout-traditional elementor-list-item-link-full_width elementor-widget elementor-widget-icon-list\" data-id=\"8eb3130\" data-element_type=\"widget\" data-e-type=\"widget\" data-widget_type=\"icon-list.default\">\n\t\t\t\t\t\t\t<ul class=\"elementor-icon-list-items\">\n\t\t\t\t\t\t\t<li class=\"elementor-icon-list-item\">\n\t\t\t\t\t\t\t\t\t\t\t<a href=\"https:\/\/doi.org\/10.1787\/d7eb0bb6-en\" target=\"_blank\">\n\n\t\t\t\t\t\t\t\t\t\t\t\t<span class=\"elementor-icon-list-icon\">\n\t\t\t\t\t\t\t<svg aria-hidden=\"true\" class=\"e-font-icon-svg e-fas-chevron-right\" viewbox=\"0 0 320 512\" xmlns=\"http:\/\/www.w3.org\/2000\/svg\"><path d=\"M285.476 272.971L91.132 467.314c-9.373 9.373-24.569 9.373-33.941 0l-22.667-22.667c-9.357-9.357-9.375-24.522-.04-33.901L188.505 256 34.484 101.255c-9.335-9.379-9.317-24.544.04-33.901l22.667-22.667c9.373-9.373 24.569-9.373 33.941 0L285.475 239.03c9.373 9.372 9.373 24.568.001 33.941z\"><\/path><\/svg>\t\t\t\t\t\t<\/span>\n\t\t\t\t\t\t\t\t\t\t<span class=\"elementor-icon-list-text\">OECD (2025),\u00a0Building Anticipatory Capacity with Strategic Foresight in Government: Lessons from Lithuania, Italy, and Malta, OECD Public Governance Reviews, OECD Publishing, Paris.<\/span>\n\t\t\t\t\t\t\t\t\t\t\t<\/a>\n\t\t\t\t\t\t\t\t\t<\/li>\n\t\t\t\t\t\t\t\t<li class=\"elementor-icon-list-item\">\n\t\t\t\t\t\t\t\t\t\t\t<a href=\"https:\/\/www.edicionespiramide.es\/libro\/economia-y-empresa\/planificacion-de-escenarios-en-la-empresa-una-mirada-etica-rodrigo-w-dal-borgo-9788436850086\/\" target=\"_blank\">\n\n\t\t\t\t\t\t\t\t\t\t\t\t<span class=\"elementor-icon-list-icon\">\n\t\t\t\t\t\t\t<svg aria-hidden=\"true\" class=\"e-font-icon-svg e-fas-chevron-right\" viewbox=\"0 0 320 512\" xmlns=\"http:\/\/www.w3.org\/2000\/svg\"><path d=\"M285.476 272.971L91.132 467.314c-9.373 9.373-24.569 9.373-33.941 0l-22.667-22.667c-9.357-9.357-9.375-24.522-.04-33.901L188.505 256 34.484 101.255c-9.335-9.379-9.317-24.544.04-33.901l22.667-22.667c9.373-9.373 24.569-9.373 33.941 0L285.475 239.03c9.373 9.372 9.373 24.568.001 33.941z\"><\/path><\/svg>\t\t\t\t\t\t<\/span>\n\t\t\t\t\t\t\t\t\t\t<span class=\"elementor-icon-list-text\">Dal Borgo, Zugasti, I., &amp; Astigarraga, E. (2024). Planificaci\u00f3n de escenarios en la empresa: una mirada \u00e9tica. Editorial Pir\u00e1mide. ISBN: 978-84-368-5008-6<\/span>\n\t\t\t\t\t\t\t\t\t\t\t<\/a>\n\t\t\t\t\t\t\t\t\t<\/li>\n\t\t\t\t\t\t\t\t<li class=\"elementor-icon-list-item\">\n\t\t\t\t\t\t\t\t\t\t\t<a href=\"https:\/\/doi.org\/10.1787\/83170d2e-en\" target=\"_blank\">\n\n\t\t\t\t\t\t\t\t\t\t\t\t<span class=\"elementor-icon-list-icon\">\n\t\t\t\t\t\t\t<svg aria-hidden=\"true\" class=\"e-font-icon-svg e-fas-chevron-right\" viewbox=\"0 0 320 512\" xmlns=\"http:\/\/www.w3.org\/2000\/svg\"><path d=\"M285.476 272.971L91.132 467.314c-9.373 9.373-24.569 9.373-33.941 0l-22.667-22.667c-9.357-9.357-9.375-24.522-.04-33.901L188.505 256 34.484 101.255c-9.335-9.379-9.317-24.544.04-33.901l22.667-22.667c9.373-9.373 24.569-9.373 33.941 0L285.475 239.03c9.373 9.372 9.373 24.568.001 33.941z\"><\/path><\/svg>\t\t\t\t\t\t<\/span>\n\t\t\t\t\t\t\t\t\t\t<span class=\"elementor-icon-list-text\">OECD (2023),\u00a0The Public Governance of Anticipatory Innovation Ecosystems in Latvia: Exploring Applications in Key Sectors, OECD Public Governance Reviews, OECD Publishing, Paris.<\/span>\n\t\t\t\t\t\t\t\t\t\t\t<\/a>\n\t\t\t\t\t\t\t\t\t<\/li>\n\t\t\t\t\t\t\t\t<li class=\"elementor-icon-list-item\">\n\t\t\t\t\t\t\t\t\t\t\t<a href=\"https:\/\/doi.org\/10.1787\/3cb500e0-en\" target=\"_blank\">\n\n\t\t\t\t\t\t\t\t\t\t\t\t<span class=\"elementor-icon-list-icon\">\n\t\t\t\t\t\t\t<svg aria-hidden=\"true\" class=\"e-font-icon-svg e-fas-chevron-right\" viewbox=\"0 0 320 512\" xmlns=\"http:\/\/www.w3.org\/2000\/svg\"><path d=\"M285.476 272.971L91.132 467.314c-9.373 9.373-24.569 9.373-33.941 0l-22.667-22.667c-9.357-9.357-9.375-24.522-.04-33.901L188.505 256 34.484 101.255c-9.335-9.379-9.317-24.544.04-33.901l22.667-22.667c9.373-9.373 24.569-9.373 33.941 0L285.475 239.03c9.373 9.372 9.373 24.568.001 33.941z\"><\/path><\/svg>\t\t\t\t\t\t<\/span>\n\t\t\t\t\t\t\t\t\t\t<span class=\"elementor-icon-list-text\">OECD (2023), \u201cImproving decision making and policy development in Portugal: The role of PlanAPP\u201d,\u00a0OECD Public Governance Policy Papers, No.\u00a039, OECD Publishing, Paris.<\/span>\n\t\t\t\t\t\t\t\t\t\t\t<\/a>\n\t\t\t\t\t\t\t\t\t<\/li>\n\t\t\t\t\t\t\t\t<li class=\"elementor-icon-list-item\">\n\t\t\t\t\t\t\t\t\t\t\t<a href=\"https:\/\/doi.org\/10.1787\/1d78c791-en\" target=\"_blank\">\n\n\t\t\t\t\t\t\t\t\t\t\t\t<span class=\"elementor-icon-list-icon\">\n\t\t\t\t\t\t\t<svg aria-hidden=\"true\" class=\"e-font-icon-svg e-fas-chevron-right\" viewbox=\"0 0 320 512\" xmlns=\"http:\/\/www.w3.org\/2000\/svg\"><path d=\"M285.476 272.971L91.132 467.314c-9.373 9.373-24.569 9.373-33.941 0l-22.667-22.667c-9.357-9.357-9.375-24.522-.04-33.901L188.505 256 34.484 101.255c-9.335-9.379-9.317-24.544.04-33.901l22.667-22.667c9.373-9.373 24.569-9.373 33.941 0L285.475 239.03c9.373 9.372 9.373 24.568.001 33.941z\"><\/path><\/svg>\t\t\t\t\t\t<\/span>\n\t\t\t\t\t\t\t\t\t\t<span class=\"elementor-icon-list-text\">Monteiro,\u00a0B. and R.\u00a0Dal Borgo (2023), \u201cSupporting decision making with strategic foresight: An emerging framework for proactive and prospective governments.\u201d,\u00a0OECD Working Papers on Public Governance, No.\u00a063, OECD Publishing, Paris,<\/span>\n\t\t\t\t\t\t\t\t\t\t\t<\/a>\n\t\t\t\t\t\t\t\t\t<\/li>\n\t\t\t\t\t\t<\/ul>\n\t\t\t\t\t\t<\/div>\n\t\t\t\t<\/div>\n\t\t\t\t\t<\/div>\n\t\t\t\t<\/div>\n\t\t<div class=\"elementor-element elementor-element-4c81fce e-flex e-con-boxed e-con e-parent\" data-id=\"4c81fce\" data-element_type=\"container\" data-e-type=\"container\" data-settings=\"{&quot;background_background&quot;:&quot;classic&quot;}\">\n\t\t\t\t\t<div class=\"e-con-inner\">\n\t\t\t\t<div class=\"elementor-element elementor-element-894d748 elementor-widget elementor-widget-heading\" data-id=\"894d748\" data-element_type=\"widget\" data-e-type=\"widget\" data-widget_type=\"heading.default\">\n\t\t\t\t\t<h2 class=\"elementor-heading-title elementor-size-default\">Art\u00edculos en Revistas Cient\u00edficas<\/h2>\t\t\t\t<\/div>\n\t\t<div class=\"elementor-element elementor-element-a643fcc e-con-full e-flex e-con e-child\" data-id=\"a643fcc\" data-element_type=\"container\" data-e-type=\"container\">\n\t\t\t\t<div class=\"elementor-element elementor-element-c5db71d elementor-icon-list--layout-traditional elementor-list-item-link-full_width elementor-widget elementor-widget-icon-list\" data-id=\"c5db71d\" data-element_type=\"widget\" data-e-type=\"widget\" data-widget_type=\"icon-list.default\">\n\t\t\t\t\t\t\t<ul class=\"elementor-icon-list-items\">\n\t\t\t\t\t\t\t<li class=\"elementor-icon-list-item\">\n\t\t\t\t\t\t\t\t\t\t\t<a href=\"https:\/\/doi.org\/10.1109\/EMR.2021.3080619\" target=\"_blank\">\n\n\t\t\t\t\t\t\t\t\t\t\t\t<span class=\"elementor-icon-list-icon\">\n\t\t\t\t\t\t\t<svg aria-hidden=\"true\" class=\"e-font-icon-svg e-fas-chevron-right\" viewbox=\"0 0 320 512\" xmlns=\"http:\/\/www.w3.org\/2000\/svg\"><path d=\"M285.476 272.971L91.132 467.314c-9.373 9.373-24.569 9.373-33.941 0l-22.667-22.667c-9.357-9.357-9.375-24.522-.04-33.901L188.505 256 34.484 101.255c-9.335-9.379-9.317-24.544.04-33.901l22.667-22.667c9.373-9.373 24.569-9.373 33.941 0L285.475 239.03c9.373 9.372 9.373 24.568.001 33.941z\"><\/path><\/svg>\t\t\t\t\t\t<\/span>\n\t\t\t\t\t\t\t\t\t\t<span class=\"elementor-icon-list-text\">Dal Borgo, R. (2021). Scenario planning to assess ethical culture. IEEE Engineering Management Review, 49(3), 168\u2013176.<\/span>\n\t\t\t\t\t\t\t\t\t\t\t<\/a>\n\t\t\t\t\t\t\t\t\t<\/li>\n\t\t\t\t\t\t\t\t<li class=\"elementor-icon-list-item\">\n\t\t\t\t\t\t\t\t\t\t\t<a href=\"https:\/\/doi.org\/10.3390\/su132112045\" target=\"_blank\">\n\n\t\t\t\t\t\t\t\t\t\t\t\t<span class=\"elementor-icon-list-icon\">\n\t\t\t\t\t\t\t<svg aria-hidden=\"true\" class=\"e-font-icon-svg e-fas-chevron-right\" viewbox=\"0 0 320 512\" xmlns=\"http:\/\/www.w3.org\/2000\/svg\"><path d=\"M285.476 272.971L91.132 467.314c-9.373 9.373-24.569 9.373-33.941 0l-22.667-22.667c-9.357-9.357-9.375-24.522-.04-33.901L188.505 256 34.484 101.255c-9.335-9.379-9.317-24.544.04-33.901l22.667-22.667c9.373-9.373 24.569-9.373 33.941 0L285.475 239.03c9.373 9.372 9.373 24.568.001 33.941z\"><\/path><\/svg>\t\t\t\t\t\t<\/span>\n\t\t\t\t\t\t\t\t\t\t<span class=\"elementor-icon-list-text\">Dal Borgo, R. (2021). From profit to purpose: How electric utility multinationals visualize systemic change and adaptation of organizational ethical culture through scenarios for 2040. Sustainability, 13(21), 12045.<\/span>\n\t\t\t\t\t\t\t\t\t\t\t<\/a>\n\t\t\t\t\t\t\t\t\t<\/li>\n\t\t\t\t\t\t\t\t<li class=\"elementor-icon-list-item\">\n\t\t\t\t\t\t\t\t\t\t\t<a href=\"https:\/\/doi.org\/10.1109\/TEM.2020.3018309\" target=\"_blank\">\n\n\t\t\t\t\t\t\t\t\t\t\t\t<span class=\"elementor-icon-list-icon\">\n\t\t\t\t\t\t\t<svg aria-hidden=\"true\" class=\"e-font-icon-svg e-fas-chevron-right\" viewbox=\"0 0 320 512\" xmlns=\"http:\/\/www.w3.org\/2000\/svg\"><path d=\"M285.476 272.971L91.132 467.314c-9.373 9.373-24.569 9.373-33.941 0l-22.667-22.667c-9.357-9.357-9.375-24.522-.04-33.901L188.505 256 34.484 101.255c-9.335-9.379-9.317-24.544.04-33.901l22.667-22.667c9.373-9.373 24.569-9.373 33.941 0L285.475 239.03c9.373 9.372 9.373 24.568.001 33.941z\"><\/path><\/svg>\t\t\t\t\t\t<\/span>\n\t\t\t\t\t\t\t\t\t\t<span class=\"elementor-icon-list-text\">Dal Borgo, R. (2020). Toward a diagnostic tool for organizational ethical culture with futures thinking and scenario planning. IEEE Transactions on Engineering Management, 67(4), 1144\u20131156.<\/span>\n\t\t\t\t\t\t\t\t\t\t\t<\/a>\n\t\t\t\t\t\t\t\t\t<\/li>\n\t\t\t\t\t\t<\/ul>\n\t\t\t\t\t\t<\/div>\n\t\t\t\t<\/div>\n\t\t\t\t\t<\/div>\n\t\t\t\t<\/div>\n\t\t\t\t<\/div>","protected":false},"excerpt":{"rendered":"<p>Read my latest Research And publications Books &amp; Reports OECD (2025),\u00a0Building Anticipatory Capacity with Strategic Foresight in Government: Lessons from Lithuania, Italy, and Malta, OECD Public Governance Reviews, OECD Publishing, Paris. Dal Borgo, Zugasti, I., &amp; Astigarraga, E. (2024). Planificaci\u00f3n de escenarios en la empresa: una mirada \u00e9tica. Editorial Pir\u00e1mide. ISBN: 978-84-368-5008-6 OECD (2023),\u00a0The Public [&hellip;]<\/p>\n","protected":false},"author":1,"featured_media":0,"parent":0,"menu_order":0,"comment_status":"closed","ping_status":"closed","template":"elementor_canvas","meta":{"footnotes":""},"class_list":["post-19","page","type-page","status-publish","hentry"],"yoast_head":"<!-- This site is optimized with the Yoast SEO plugin v27.4 - https:\/\/yoast.com\/product\/yoast-seo-wordpress\/ -->\n<title>Research - Rodrigo Dal Borgo<\/title>\n<meta name=\"robots\" content=\"index, follow, max-snippet:-1, max-image-preview:large, max-video-preview:-1\" \/>\n<link rel=\"canonical\" href=\"https:\/\/rodrigodalborgo.com\/es\/research\/\" \/>\n<meta property=\"og:locale\" content=\"es_ES\" \/>\n<meta property=\"og:type\" content=\"article\" \/>\n<meta property=\"og:title\" content=\"Research - Rodrigo Dal Borgo\" \/>\n<meta property=\"og:description\" content=\"Read my latest Research And publications Books &amp; Reports OECD (2025),\u00a0Building Anticipatory Capacity with Strategic Foresight in Government: Lessons from Lithuania, Italy, and Malta, OECD Public Governance Reviews, OECD Publishing, Paris. Dal Borgo, Zugasti, I., &amp; Astigarraga, E. (2024). Planificaci\u00f3n de escenarios en la empresa: una mirada \u00e9tica. Editorial Pir\u00e1mide. ISBN: 978-84-368-5008-6 OECD (2023),\u00a0The Public [&hellip;]\" \/>\n<meta property=\"og:url\" content=\"https:\/\/rodrigodalborgo.com\/es\/research\/\" \/>\n<meta property=\"og:site_name\" content=\"Rodrigo Dal Borgo\" \/>\n<meta property=\"article:modified_time\" content=\"2025-09-29T14:34:14+00:00\" \/>\n<meta name=\"twitter:card\" content=\"summary_large_image\" \/>\n<meta name=\"twitter:label1\" content=\"Tiempo de lectura\" \/>\n\t<meta name=\"twitter:data1\" content=\"1 minuto\" \/>\n<script type=\"application\/ld+json\" class=\"yoast-schema-graph\">{\"@context\":\"https:\\\/\\\/schema.org\",\"@graph\":[{\"@type\":\"WebPage\",\"@id\":\"https:\\\/\\\/rodrigodalborgo.com\\\/research\\\/\",\"url\":\"https:\\\/\\\/rodrigodalborgo.com\\\/research\\\/\",\"name\":\"Research - Rodrigo Dal Borgo\",\"isPartOf\":{\"@id\":\"https:\\\/\\\/rodrigodalborgo.com\\\/en\\\/#website\"},\"datePublished\":\"2025-08-27T06:46:17+00:00\",\"dateModified\":\"2025-09-29T14:34:14+00:00\",\"breadcrumb\":{\"@id\":\"https:\\\/\\\/rodrigodalborgo.com\\\/research\\\/#breadcrumb\"},\"inLanguage\":\"es\",\"potentialAction\":[{\"@type\":\"ReadAction\",\"target\":[\"https:\\\/\\\/rodrigodalborgo.com\\\/research\\\/\"]}]},{\"@type\":\"BreadcrumbList\",\"@id\":\"https:\\\/\\\/rodrigodalborgo.com\\\/research\\\/#breadcrumb\",\"itemListElement\":[{\"@type\":\"ListItem\",\"position\":1,\"name\":\"Portada\",\"item\":\"https:\\\/\\\/rodrigodalborgo.com\\\/\"},{\"@type\":\"ListItem\",\"position\":2,\"name\":\"Research\"}]},{\"@type\":\"WebSite\",\"@id\":\"https:\\\/\\\/rodrigodalborgo.com\\\/en\\\/#website\",\"url\":\"https:\\\/\\\/rodrigodalborgo.com\\\/en\\\/\",\"name\":\"Rodrigo Dal Borgo\",\"description\":\"\",\"publisher\":{\"@id\":\"https:\\\/\\\/rodrigodalborgo.com\\\/en\\\/#organization\"},\"potentialAction\":[{\"@type\":\"SearchAction\",\"target\":{\"@type\":\"EntryPoint\",\"urlTemplate\":\"https:\\\/\\\/rodrigodalborgo.com\\\/en\\\/?s={search_term_string}\"},\"query-input\":{\"@type\":\"PropertyValueSpecification\",\"valueRequired\":true,\"valueName\":\"search_term_string\"}}],\"inLanguage\":\"es\"},{\"@type\":\"Organization\",\"@id\":\"https:\\\/\\\/rodrigodalborgo.com\\\/en\\\/#organization\",\"name\":\"Rodrigo Dal Borgo\",\"url\":\"https:\\\/\\\/rodrigodalborgo.com\\\/en\\\/\",\"logo\":{\"@type\":\"ImageObject\",\"inLanguage\":\"es\",\"@id\":\"https:\\\/\\\/rodrigodalborgo.com\\\/en\\\/#\\\/schema\\\/logo\\\/image\\\/\",\"url\":\"https:\\\/\\\/rodrigodalborgo.com\\\/wp-content\\\/uploads\\\/2025\\\/08\\\/cropped-Original-Logo-scaled-1.png\",\"contentUrl\":\"https:\\\/\\\/rodrigodalborgo.com\\\/wp-content\\\/uploads\\\/2025\\\/08\\\/cropped-Original-Logo-scaled-1.png\",\"width\":2050,\"height\":306,\"caption\":\"Rodrigo Dal Borgo\"},\"image\":{\"@id\":\"https:\\\/\\\/rodrigodalborgo.com\\\/en\\\/#\\\/schema\\\/logo\\\/image\\\/\"}}]}<\/script>\n<!-- \/ Yoast SEO plugin. -->","yoast_head_json":{"title":"Research - Rodrigo Dal Borgo","robots":{"index":"index","follow":"follow","max-snippet":"max-snippet:-1","max-image-preview":"max-image-preview:large","max-video-preview":"max-video-preview:-1"},"canonical":"https:\/\/rodrigodalborgo.com\/es\/research\/","og_locale":"es_ES","og_type":"article","og_title":"Research - Rodrigo Dal Borgo","og_description":"Read my latest Research And publications Books &amp; Reports OECD (2025),\u00a0Building Anticipatory Capacity with Strategic Foresight in Government: Lessons from Lithuania, Italy, and Malta, OECD Public Governance Reviews, OECD Publishing, Paris. Dal Borgo, Zugasti, I., &amp; Astigarraga, E. (2024). Planificaci\u00f3n de escenarios en la empresa: una mirada \u00e9tica. Editorial Pir\u00e1mide. ISBN: 978-84-368-5008-6 OECD (2023),\u00a0The Public [&hellip;]","og_url":"https:\/\/rodrigodalborgo.com\/es\/research\/","og_site_name":"Rodrigo Dal Borgo","article_modified_time":"2025-09-29T14:34:14+00:00","twitter_card":"summary_large_image","twitter_misc":{"Tiempo de lectura":"1 minuto"},"schema":{"@context":"https:\/\/schema.org","@graph":[{"@type":"WebPage","@id":"https:\/\/rodrigodalborgo.com\/research\/","url":"https:\/\/rodrigodalborgo.com\/research\/","name":"Research - Rodrigo Dal Borgo","isPartOf":{"@id":"https:\/\/rodrigodalborgo.com\/en\/#website"},"datePublished":"2025-08-27T06:46:17+00:00","dateModified":"2025-09-29T14:34:14+00:00","breadcrumb":{"@id":"https:\/\/rodrigodalborgo.com\/research\/#breadcrumb"},"inLanguage":"es","potentialAction":[{"@type":"ReadAction","target":["https:\/\/rodrigodalborgo.com\/research\/"]}]},{"@type":"BreadcrumbList","@id":"https:\/\/rodrigodalborgo.com\/research\/#breadcrumb","itemListElement":[{"@type":"ListItem","position":1,"name":"Portada","item":"https:\/\/rodrigodalborgo.com\/"},{"@type":"ListItem","position":2,"name":"Research"}]},{"@type":"WebSite","@id":"https:\/\/rodrigodalborgo.com\/en\/#website","url":"https:\/\/rodrigodalborgo.com\/en\/","name":"Rodrigo Dal Borgo","description":"","publisher":{"@id":"https:\/\/rodrigodalborgo.com\/en\/#organization"},"potentialAction":[{"@type":"SearchAction","target":{"@type":"EntryPoint","urlTemplate":"https:\/\/rodrigodalborgo.com\/en\/?s={search_term_string}"},"query-input":{"@type":"PropertyValueSpecification","valueRequired":true,"valueName":"search_term_string"}}],"inLanguage":"es"},{"@type":"Organization","@id":"https:\/\/rodrigodalborgo.com\/en\/#organization","name":"Rodrigo Dal Borgo","url":"https:\/\/rodrigodalborgo.com\/en\/","logo":{"@type":"ImageObject","inLanguage":"es","@id":"https:\/\/rodrigodalborgo.com\/en\/#\/schema\/logo\/image\/","url":"https:\/\/rodrigodalborgo.com\/wp-content\/uploads\/2025\/08\/cropped-Original-Logo-scaled-1.png","contentUrl":"https:\/\/rodrigodalborgo.com\/wp-content\/uploads\/2025\/08\/cropped-Original-Logo-scaled-1.png","width":2050,"height":306,"caption":"Rodrigo Dal Borgo"},"image":{"@id":"https:\/\/rodrigodalborgo.com\/en\/#\/schema\/logo\/image\/"}}]}},"_links":{"self":[{"href":"https:\/\/rodrigodalborgo.com\/es\/wp-json\/wp\/v2\/pages\/19","targetHints":{"allow":["GET"]}}],"collection":[{"href":"https:\/\/rodrigodalborgo.com\/es\/wp-json\/wp\/v2\/pages"}],"about":[{"href":"https:\/\/rodrigodalborgo.com\/es\/wp-json\/wp\/v2\/types\/page"}],"author":[{"embeddable":true,"href":"https:\/\/rodrigodalborgo.com\/es\/wp-json\/wp\/v2\/users\/1"}],"replies":[{"embeddable":true,"href":"https:\/\/rodrigodalborgo.com\/es\/wp-json\/wp\/v2\/comments?post=19"}],"version-history":[{"count":287,"href":"https:\/\/rodrigodalborgo.com\/es\/wp-json\/wp\/v2\/pages\/19\/revisions"}],"predecessor-version":[{"id":3871,"href":"https:\/\/rodrigodalborgo.com\/es\/wp-json\/wp\/v2\/pages\/19\/revisions\/3871"}],"wp:attachment":[{"href":"https:\/\/rodrigodalborgo.com\/es\/wp-json\/wp\/v2\/media?parent=19"}],"curies":[{"name":"wp","href":"https:\/\/api.w.org\/{rel}","templated":true}]}}