{"id":3341,"date":"2025-09-15T12:53:43","date_gmt":"2025-09-15T12:53:43","guid":{"rendered":"https:\/\/rodrigodalborgo.rkinformatika.online\/?page_id=3341"},"modified":"2025-09-19T10:03:01","modified_gmt":"2025-09-19T10:03:01","slug":"jesuit-refugee-project","status":"publish","type":"page","link":"https:\/\/rodrigodalborgo.com\/es\/jesuit-refugee-project\/","title":{"rendered":"Jesuit Refugee Project"},"content":{"rendered":"<div data-elementor-type=\"wp-page\" data-elementor-id=\"3341\" class=\"elementor elementor-3341\" data-elementor-post-type=\"page\">\n\t\t\t\t<div class=\"elementor-element elementor-element-11a67e3 e-flex e-con-boxed e-con e-parent\" data-id=\"11a67e3\" data-element_type=\"container\" data-e-type=\"container\" data-settings=\"{&quot;background_background&quot;:&quot;classic&quot;}\">\n\t\t\t\t\t<div class=\"e-con-inner\">\n\t\t\t\t<div class=\"elementor-element elementor-element-8938680 elementor-invisible elementor-widget elementor-widget-heading\" data-id=\"8938680\" data-element_type=\"widget\" data-e-type=\"widget\" data-settings=\"{&quot;_animation&quot;:&quot;fadeInRight&quot;}\" data-widget_type=\"heading.default\">\n\t\t\t\t\t<h2 class=\"elementor-heading-title elementor-size-default\">EL FUTURO DEL DESPLAZAMIENTO FORZADO: \u00bfQU\u00c9 PROTECCI\u00d3N Y SOLUCIONES <\/h2>\t\t\t\t<\/div>\n\t\t\t\t<div class=\"elementor-element elementor-element-274d3f7 animated-slow elementor-invisible elementor-widget elementor-widget-heading\" data-id=\"274d3f7\" data-element_type=\"widget\" data-e-type=\"widget\" data-settings=\"{&quot;_animation&quot;:&quot;fadeInRight&quot;,&quot;_animation_delay&quot;:200}\" data-widget_type=\"heading.default\">\n\t\t\t\t\t<h2 class=\"elementor-heading-title elementor-size-default\">TENDR\u00c1N LAS PERSONAS DESPLAZADAS FORZOSAMENTE DE AQU\u00cd A 2050 PARA VIVIR UNA VIDA DIGNA?<\/h2>\t\t\t\t<\/div>\n\t\t\t\t\t<\/div>\n\t\t\t\t<\/div>\n\t\t<div class=\"elementor-element elementor-element-f53ecb8 e-flex e-con-boxed e-con e-parent\" data-id=\"f53ecb8\" data-element_type=\"container\" data-e-type=\"container\" data-settings=\"{&quot;background_background&quot;:&quot;classic&quot;}\">\n\t\t\t\t\t<div class=\"e-con-inner\">\n\t\t\t\t<div class=\"elementor-element elementor-element-3c210a9 elementor-widget elementor-widget-heading\" data-id=\"3c210a9\" data-element_type=\"widget\" data-e-type=\"widget\" data-widget_type=\"heading.default\">\n\t\t\t\t\t<h2 class=\"elementor-heading-title elementor-size-default\">Contexto<\/h2>\t\t\t\t<\/div>\n\t\t\t\t<div class=\"elementor-element elementor-element-2e08dc3 elementor-widget elementor-widget-text-editor\" data-id=\"2e08dc3\" data-element_type=\"widget\" data-e-type=\"widget\" data-widget_type=\"text-editor.default\">\n\t\t\t\t\t\t\t\t\t<p class=\"western\" lang=\"es-ES\"><span lang=\"en-US\">En 2024, el Servicio Jesuita a Refugiados (JRS) puso en marcha <\/span><span lang=\"en-US\"><b>una iniciativa de prospectiva participativa y basada en la evidencia<\/b><\/span><span lang=\"en-US\"> para explorar el futuro del desplazamiento forzado y orientar el desarrollo de su pr\u00f3xima estrategia organizativa. El objetivo era garantizar que el <\/span><span lang=\"en-US\"><b>Marco Estrat\u00e9gico del JRS 2025\u20132029<\/b><\/span><span lang=\"en-US\"> no solo respondiera a los desaf\u00edos actuales, sino que tambi\u00e9n anticipara las incertidumbres futuras y permaneciera arraigado en la misi\u00f3n y los valores de la organizaci\u00f3n.<\/span><\/p>\t\t\t\t\t\t\t\t<\/div>\n\t\t\t\t<div class=\"elementor-element elementor-element-535e6bc elementor-widget elementor-widget-heading\" data-id=\"535e6bc\" data-element_type=\"widget\" data-e-type=\"widget\" data-widget_type=\"heading.default\">\n\t\t\t\t\t<h2 class=\"elementor-heading-title elementor-size-default\">Acciones Clave<\/h2>\t\t\t\t<\/div>\n\t\t\t\t<div class=\"elementor-element elementor-element-ae68bcd elementor-widget elementor-widget-text-editor\" data-id=\"ae68bcd\" data-element_type=\"widget\" data-e-type=\"widget\" data-widget_type=\"text-editor.default\">\n\t\t\t\t\t\t\t\t\t<p class=\"western\" lang=\"es-ES\">\u00a0<span lang=\"en-US\">Dise\u00f1\u00e9 y facilit\u00e9 un <\/span><span lang=\"en-US\"><b>proceso de planificaci\u00f3n de escenarios<\/b><\/span><span lang=\"en-US\"> adaptado al ciclo estrat\u00e9gico del JRS. Se aplicaron m\u00e9todos de pensamiento de futuros para poner a prueba supuestos, identificar impulsores externos emergentes del desplazamiento forzado y vincular las decisiones estrat\u00e9gicas con las incertidumbres globales.<\/span><\/p><p class=\"western\" lang=\"es-ES\"><span lang=\"en-US\">El proceso tambi\u00e9n gener\u00f3 un espacio de <\/span><span lang=\"en-US\"><b>reflexi\u00f3n paralela sobre los valores y la cultura organizativa<\/b><\/span><span lang=\"en-US\">, garantizando que la futura estrategia estuviera alineada con la misi\u00f3n humanitaria del JRS. Al involucrar a los equipos de liderazgo a lo largo de todo el proceso, la iniciativa reforz\u00f3 tanto la base anal\u00edtica de la estrategia como la apropiaci\u00f3n colectiva de su orientaci\u00f3n.<\/span><\/p>\t\t\t\t\t\t\t\t<\/div>\n\t\t\t\t\t<\/div>\n\t\t\t\t<\/div>\n\t\t<div class=\"elementor-element elementor-element-ca27be4 e-flex e-con-boxed e-con e-parent\" data-id=\"ca27be4\" data-element_type=\"container\" data-e-type=\"container\" data-settings=\"{&quot;background_background&quot;:&quot;classic&quot;}\">\n\t\t\t\t\t<div class=\"e-con-inner\">\n\t\t<div class=\"elementor-element elementor-element-49bf7a0 e-con-full e-flex e-con e-child\" data-id=\"49bf7a0\" data-element_type=\"container\" data-e-type=\"container\">\n\t\t\t\t<div class=\"elementor-element elementor-element-5eb085b elementor-widget elementor-widget-heading\" data-id=\"5eb085b\" data-element_type=\"widget\" data-e-type=\"widget\" data-widget_type=\"heading.default\">\n\t\t\t\t\t<h2 class=\"elementor-heading-title elementor-size-default\">Impacto<\/h2>\t\t\t\t<\/div>\n\t\t\t\t<\/div>\n\t\t<div class=\"elementor-element elementor-element-8a8b8f3 e-con-full e-flex elementor-invisible e-con e-child\" data-id=\"8a8b8f3\" data-element_type=\"container\" data-e-type=\"container\" data-settings=\"{&quot;animation&quot;:&quot;fadeInUp&quot;}\">\n\t\t\t\t<div class=\"elementor-element elementor-element-2af745f elementor-widget elementor-widget-image\" data-id=\"2af745f\" data-element_type=\"widget\" data-e-type=\"widget\" data-widget_type=\"image.default\">\n\t\t\t\t\t\t\t\t\t\t\t\t\t\t\t<img fetchpriority=\"high\" decoding=\"async\" width=\"500\" height=\"500\" src=\"https:\/\/rodrigodalborgo.com\/wp-content\/uploads\/2025\/08\/Diseno-sin-titulo-1.png\" class=\"attachment-large size-large wp-image-824\" alt=\"\" srcset=\"https:\/\/rodrigodalborgo.com\/wp-content\/uploads\/2025\/08\/Diseno-sin-titulo-1.png 500w, https:\/\/rodrigodalborgo.com\/wp-content\/uploads\/2025\/08\/Diseno-sin-titulo-1-300x300.png 300w, https:\/\/rodrigodalborgo.com\/wp-content\/uploads\/2025\/08\/Diseno-sin-titulo-1-150x150.png 150w, https:\/\/rodrigodalborgo.com\/wp-content\/uploads\/2025\/08\/Diseno-sin-titulo-1-12x12.png 12w\" sizes=\"(max-width: 500px) 100vw, 500px\" \/>\t\t\t\t\t\t\t\t\t\t\t\t\t\t\t<\/div>\n\t\t\t\t<div class=\"elementor-element elementor-element-e31f108 elementor-widget elementor-widget-heading\" data-id=\"e31f108\" data-element_type=\"widget\" data-e-type=\"widget\" data-widget_type=\"heading.default\">\n\t\t\t\t\t<h3 class=\"elementor-heading-title elementor-size-default\">Impacto Estrat\u00e9gico<\/h3>\t\t\t\t<\/div>\n\t\t\t\t<div class=\"elementor-element elementor-element-71f6d17 elementor-widget elementor-widget-text-editor\" data-id=\"71f6d17\" data-element_type=\"widget\" data-e-type=\"widget\" data-widget_type=\"text-editor.default\">\n\t\t\t\t\t\t\t\t\t<p class=\"western\" lang=\"es-ES\"><span lang=\"en-US\">El proceso de prospectiva contribuy\u00f3 directamente al <\/span><span lang=\"en-US\"><i>Marco Estrat\u00e9gico 2025\u20132029 del JRS aprobado.<\/i><\/span><span lang=\"en-US\">.<\/span><\/p>\t\t\t\t\t\t\t\t<\/div>\n\t\t\t\t<\/div>\n\t\t<div class=\"elementor-element elementor-element-5b235f9 e-con-full e-flex elementor-invisible e-con e-child\" data-id=\"5b235f9\" data-element_type=\"container\" data-e-type=\"container\" data-settings=\"{&quot;animation&quot;:&quot;fadeInUp&quot;}\">\n\t\t\t\t<div class=\"elementor-element elementor-element-0ca1204 elementor-widget elementor-widget-image\" data-id=\"0ca1204\" data-element_type=\"widget\" data-e-type=\"widget\" data-widget_type=\"image.default\">\n\t\t\t\t\t\t\t\t\t\t\t\t\t\t\t<img fetchpriority=\"high\" decoding=\"async\" width=\"500\" height=\"500\" src=\"https:\/\/rodrigodalborgo.com\/wp-content\/uploads\/2025\/08\/Diseno-sin-titulo-1.png\" class=\"attachment-large size-large wp-image-824\" alt=\"\" srcset=\"https:\/\/rodrigodalborgo.com\/wp-content\/uploads\/2025\/08\/Diseno-sin-titulo-1.png 500w, https:\/\/rodrigodalborgo.com\/wp-content\/uploads\/2025\/08\/Diseno-sin-titulo-1-300x300.png 300w, https:\/\/rodrigodalborgo.com\/wp-content\/uploads\/2025\/08\/Diseno-sin-titulo-1-150x150.png 150w, https:\/\/rodrigodalborgo.com\/wp-content\/uploads\/2025\/08\/Diseno-sin-titulo-1-12x12.png 12w\" sizes=\"(max-width: 500px) 100vw, 500px\" \/>\t\t\t\t\t\t\t\t\t\t\t\t\t\t\t<\/div>\n\t\t\t\t<div class=\"elementor-element elementor-element-9d691b9 elementor-widget elementor-widget-heading\" data-id=\"9d691b9\" data-element_type=\"widget\" data-e-type=\"widget\" data-widget_type=\"heading.default\">\n\t\t\t\t\t<h3 class=\"elementor-heading-title elementor-size-default\">Alineaci\u00f3n Organizativa<\/h3>\t\t\t\t<\/div>\n\t\t\t\t<div class=\"elementor-element elementor-element-c3c962a elementor-widget elementor-widget-text-editor\" data-id=\"c3c962a\" data-element_type=\"widget\" data-e-type=\"widget\" data-widget_type=\"text-editor.default\">\n\t\t\t\t\t\t\t\t\t<p class=\"western\" lang=\"es-ES\"><span lang=\"en-US\">Los l\u00edderes humanitarios construyeron una apropiaci\u00f3n compartida de la estrategia, reforzando el compromiso con su implementaci\u00f3n.<\/span><\/p>\t\t\t\t\t\t\t\t<\/div>\n\t\t\t\t<\/div>\n\t\t<div class=\"elementor-element elementor-element-66a4307 e-con-full e-flex elementor-invisible e-con e-child\" data-id=\"66a4307\" data-element_type=\"container\" data-e-type=\"container\" data-settings=\"{&quot;animation&quot;:&quot;fadeInUp&quot;}\">\n\t\t\t\t<div class=\"elementor-element elementor-element-342a2f2 elementor-widget elementor-widget-image\" data-id=\"342a2f2\" data-element_type=\"widget\" data-e-type=\"widget\" data-widget_type=\"image.default\">\n\t\t\t\t\t\t\t\t\t\t\t\t\t\t\t<img fetchpriority=\"high\" decoding=\"async\" width=\"500\" height=\"500\" src=\"https:\/\/rodrigodalborgo.com\/wp-content\/uploads\/2025\/08\/Diseno-sin-titulo-1.png\" class=\"attachment-large size-large wp-image-824\" alt=\"\" srcset=\"https:\/\/rodrigodalborgo.com\/wp-content\/uploads\/2025\/08\/Diseno-sin-titulo-1.png 500w, https:\/\/rodrigodalborgo.com\/wp-content\/uploads\/2025\/08\/Diseno-sin-titulo-1-300x300.png 300w, https:\/\/rodrigodalborgo.com\/wp-content\/uploads\/2025\/08\/Diseno-sin-titulo-1-150x150.png 150w, https:\/\/rodrigodalborgo.com\/wp-content\/uploads\/2025\/08\/Diseno-sin-titulo-1-12x12.png 12w\" sizes=\"(max-width: 500px) 100vw, 500px\" \/>\t\t\t\t\t\t\t\t\t\t\t\t\t\t\t<\/div>\n\t\t\t\t<div class=\"elementor-element elementor-element-025bbca elementor-widget elementor-widget-heading\" data-id=\"025bbca\" data-element_type=\"widget\" data-e-type=\"widget\" data-widget_type=\"heading.default\">\n\t\t\t\t\t<h3 class=\"elementor-heading-title elementor-size-default\">Fortalecimiento del Rol y de las Relaciones<\/h3>\t\t\t\t<\/div>\n\t\t\t\t<div class=\"elementor-element elementor-element-3f67341 elementor-widget elementor-widget-text-editor\" data-id=\"3f67341\" data-element_type=\"widget\" data-e-type=\"widget\" data-widget_type=\"text-editor.default\">\n\t\t\t\t\t\t\t\t\t<p class=\"western\" lang=\"es-ES\"><span lang=\"en-US\">El JRS reforz\u00f3 su papel en el apoyo a las comunidades y en la construcci\u00f3n de nuevas alianzas, posicion\u00e1ndose para responder con mayor eficacia al cambiante panorama del desplazamiento forzado.<\/span><\/p>\t\t\t\t\t\t\t\t<\/div>\n\t\t\t\t<\/div>\n\t\t<div class=\"elementor-element elementor-element-27b14e3 e-con-full elementor-hidden-mobile e-flex elementor-invisible e-con e-child\" data-id=\"27b14e3\" data-element_type=\"container\" data-e-type=\"container\" data-settings=\"{&quot;animation&quot;:&quot;fadeInUp&quot;}\">\n\t\t\t\t<\/div>\n\t\t\t\t\t<\/div>\n\t\t\t\t<\/div>\n\t\t<div class=\"elementor-element elementor-element-260bd55 e-flex e-con-boxed e-con e-parent\" data-id=\"260bd55\" data-element_type=\"container\" data-e-type=\"container\" data-settings=\"{&quot;background_background&quot;:&quot;classic&quot;}\">\n\t\t\t\t\t<div class=\"e-con-inner\">\n\t\t<div class=\"elementor-element elementor-element-f20ee44 e-con-full e-flex e-con e-child\" data-id=\"f20ee44\" data-element_type=\"container\" data-e-type=\"container\">\n\t\t\t\t<div class=\"elementor-element elementor-element-969bf08 elementor-widget elementor-widget-image\" data-id=\"969bf08\" data-element_type=\"widget\" data-e-type=\"widget\" data-widget_type=\"image.default\">\n\t\t\t\t\t\t\t\t\t\t\t\t\t\t\t<img decoding=\"async\" width=\"643\" height=\"287\" src=\"https:\/\/rodrigodalborgo.com\/wp-content\/uploads\/2025\/09\/Captura-desde-2025-09-18-16-43-00.png\" class=\"attachment-2048x2048 size-2048x2048 wp-image-3688\" alt=\"\" srcset=\"https:\/\/rodrigodalborgo.com\/wp-content\/uploads\/2025\/09\/Captura-desde-2025-09-18-16-43-00.png 643w, https:\/\/rodrigodalborgo.com\/wp-content\/uploads\/2025\/09\/Captura-desde-2025-09-18-16-43-00-300x134.png 300w, https:\/\/rodrigodalborgo.com\/wp-content\/uploads\/2025\/09\/Captura-desde-2025-09-18-16-43-00-18x8.png 18w\" sizes=\"(max-width: 643px) 100vw, 643px\" \/>\t\t\t\t\t\t\t\t\t\t\t\t\t\t\t<\/div>\n\t\t\t\t<\/div>\n\t\t<div class=\"elementor-element elementor-element-7b01403 e-con-full e-flex e-con e-child\" data-id=\"7b01403\" data-element_type=\"container\" data-e-type=\"container\">\n\t\t\t\t<div class=\"elementor-element elementor-element-73f7f93 elementor-widget elementor-widget-image\" data-id=\"73f7f93\" data-element_type=\"widget\" data-e-type=\"widget\" data-widget_type=\"image.default\">\n\t\t\t\t\t\t\t\t\t\t\t\t\t\t\t<img decoding=\"async\" width=\"643\" height=\"287\" src=\"https:\/\/rodrigodalborgo.com\/wp-content\/uploads\/2025\/09\/Captura-desde-2025-09-18-16-43-07.png\" class=\"attachment-large size-large wp-image-3693\" alt=\"\" srcset=\"https:\/\/rodrigodalborgo.com\/wp-content\/uploads\/2025\/09\/Captura-desde-2025-09-18-16-43-07.png 643w, https:\/\/rodrigodalborgo.com\/wp-content\/uploads\/2025\/09\/Captura-desde-2025-09-18-16-43-07-300x134.png 300w, https:\/\/rodrigodalborgo.com\/wp-content\/uploads\/2025\/09\/Captura-desde-2025-09-18-16-43-07-18x8.png 18w\" sizes=\"(max-width: 643px) 100vw, 643px\" \/>\t\t\t\t\t\t\t\t\t\t\t\t\t\t\t<\/div>\n\t\t\t\t<\/div>\n\t\t<div class=\"elementor-element elementor-element-43c5829 e-con-full e-flex e-con e-child\" data-id=\"43c5829\" data-element_type=\"container\" data-e-type=\"container\">\n\t\t\t\t<div class=\"elementor-element elementor-element-f4d1fb8 elementor-widget elementor-widget-image\" data-id=\"f4d1fb8\" data-element_type=\"widget\" data-e-type=\"widget\" data-widget_type=\"image.default\">\n\t\t\t\t\t\t\t\t\t\t\t\t\t\t\t<img loading=\"lazy\" decoding=\"async\" width=\"609\" height=\"267\" src=\"https:\/\/rodrigodalborgo.com\/wp-content\/uploads\/2025\/09\/Captura-desde-2025-09-18-16-43-18.png\" class=\"attachment-large size-large wp-image-3694\" alt=\"\" srcset=\"https:\/\/rodrigodalborgo.com\/wp-content\/uploads\/2025\/09\/Captura-desde-2025-09-18-16-43-18.png 609w, https:\/\/rodrigodalborgo.com\/wp-content\/uploads\/2025\/09\/Captura-desde-2025-09-18-16-43-18-300x132.png 300w, https:\/\/rodrigodalborgo.com\/wp-content\/uploads\/2025\/09\/Captura-desde-2025-09-18-16-43-18-18x8.png 18w\" sizes=\"(max-width: 609px) 100vw, 609px\" \/>\t\t\t\t\t\t\t\t\t\t\t\t\t\t\t<\/div>\n\t\t\t\t<\/div>\n\t\t\t\t\t<\/div>\n\t\t\t\t<\/div>\n\t\t\t\t<\/div>","protected":false},"excerpt":{"rendered":"<p>THE FUTURE OF FORCED DISPLACEMENT: WHAT PROTECTION AND SOLUTIONS WILL FORCIBLY DISPLACED PERSONS HAVE BY 2050 FOR LIVING A DIGNIFIED LIFE? Context In 2024, the Jesuit Refugee Service (JRS) launched a participatory and evidence-informed foresight initiative to explore the future of forced displacement and guide the development of its next organisational strategy. The aim was [&hellip;]<\/p>\n","protected":false},"author":1,"featured_media":0,"parent":0,"menu_order":0,"comment_status":"closed","ping_status":"closed","template":"elementor_canvas","meta":{"footnotes":""},"class_list":["post-3341","page","type-page","status-publish","hentry"],"yoast_head":"<!-- This site is optimized with the Yoast SEO plugin v27.4 - https:\/\/yoast.com\/product\/yoast-seo-wordpress\/ -->\n<title>Jesuit Refugee Project - Rodrigo Dal Borgo<\/title>\n<meta name=\"robots\" content=\"index, follow, max-snippet:-1, max-image-preview:large, max-video-preview:-1\" \/>\n<link rel=\"canonical\" href=\"https:\/\/rodrigodalborgo.com\/es\/jesuit-refugee-project\/\" \/>\n<meta property=\"og:locale\" content=\"es_ES\" \/>\n<meta property=\"og:type\" content=\"article\" \/>\n<meta property=\"og:title\" content=\"Jesuit Refugee Project - Rodrigo Dal Borgo\" \/>\n<meta property=\"og:description\" content=\"THE FUTURE OF FORCED DISPLACEMENT: WHAT PROTECTION AND SOLUTIONS WILL FORCIBLY DISPLACED PERSONS HAVE BY 2050 FOR LIVING A DIGNIFIED LIFE? Context In 2024, the Jesuit Refugee Service (JRS) launched a participatory and evidence-informed foresight initiative to explore the future of forced displacement and guide the development of its next organisational strategy. The aim was [&hellip;]\" \/>\n<meta property=\"og:url\" content=\"https:\/\/rodrigodalborgo.com\/es\/jesuit-refugee-project\/\" \/>\n<meta property=\"og:site_name\" content=\"Rodrigo Dal Borgo\" \/>\n<meta property=\"article:modified_time\" content=\"2025-09-19T10:03:01+00:00\" \/>\n<meta property=\"og:image\" content=\"https:\/\/rodrigodalborgo.com\/wp-content\/uploads\/2025\/08\/Diseno-sin-titulo-1.png\" \/>\n<meta name=\"twitter:card\" content=\"summary_large_image\" \/>\n<meta name=\"twitter:label1\" content=\"Tiempo de lectura\" \/>\n\t<meta name=\"twitter:data1\" content=\"2 minutos\" \/>\n<script type=\"application\/ld+json\" class=\"yoast-schema-graph\">{\"@context\":\"https:\\\/\\\/schema.org\",\"@graph\":[{\"@type\":\"WebPage\",\"@id\":\"https:\\\/\\\/rodrigodalborgo.com\\\/jesuit-refugee-project\\\/\",\"url\":\"https:\\\/\\\/rodrigodalborgo.com\\\/jesuit-refugee-project\\\/\",\"name\":\"Jesuit Refugee Project - Rodrigo Dal Borgo\",\"isPartOf\":{\"@id\":\"https:\\\/\\\/rodrigodalborgo.com\\\/en\\\/#website\"},\"primaryImageOfPage\":{\"@id\":\"https:\\\/\\\/rodrigodalborgo.com\\\/jesuit-refugee-project\\\/#primaryimage\"},\"image\":{\"@id\":\"https:\\\/\\\/rodrigodalborgo.com\\\/jesuit-refugee-project\\\/#primaryimage\"},\"thumbnailUrl\":\"https:\\\/\\\/rodrigodalborgo.com\\\/wp-content\\\/uploads\\\/2025\\\/08\\\/Diseno-sin-titulo-1.png\",\"datePublished\":\"2025-09-15T12:53:43+00:00\",\"dateModified\":\"2025-09-19T10:03:01+00:00\",\"breadcrumb\":{\"@id\":\"https:\\\/\\\/rodrigodalborgo.com\\\/jesuit-refugee-project\\\/#breadcrumb\"},\"inLanguage\":\"es\",\"potentialAction\":[{\"@type\":\"ReadAction\",\"target\":[\"https:\\\/\\\/rodrigodalborgo.com\\\/jesuit-refugee-project\\\/\"]}]},{\"@type\":\"ImageObject\",\"inLanguage\":\"es\",\"@id\":\"https:\\\/\\\/rodrigodalborgo.com\\\/jesuit-refugee-project\\\/#primaryimage\",\"url\":\"https:\\\/\\\/rodrigodalborgo.com\\\/wp-content\\\/uploads\\\/2025\\\/08\\\/Diseno-sin-titulo-1.png\",\"contentUrl\":\"https:\\\/\\\/rodrigodalborgo.com\\\/wp-content\\\/uploads\\\/2025\\\/08\\\/Diseno-sin-titulo-1.png\"},{\"@type\":\"BreadcrumbList\",\"@id\":\"https:\\\/\\\/rodrigodalborgo.com\\\/jesuit-refugee-project\\\/#breadcrumb\",\"itemListElement\":[{\"@type\":\"ListItem\",\"position\":1,\"name\":\"Portada\",\"item\":\"https:\\\/\\\/rodrigodalborgo.com\\\/\"},{\"@type\":\"ListItem\",\"position\":2,\"name\":\"Jesuit Refugee Project\"}]},{\"@type\":\"WebSite\",\"@id\":\"https:\\\/\\\/rodrigodalborgo.com\\\/en\\\/#website\",\"url\":\"https:\\\/\\\/rodrigodalborgo.com\\\/en\\\/\",\"name\":\"Rodrigo Dal Borgo\",\"description\":\"\",\"publisher\":{\"@id\":\"https:\\\/\\\/rodrigodalborgo.com\\\/en\\\/#organization\"},\"potentialAction\":[{\"@type\":\"SearchAction\",\"target\":{\"@type\":\"EntryPoint\",\"urlTemplate\":\"https:\\\/\\\/rodrigodalborgo.com\\\/en\\\/?s={search_term_string}\"},\"query-input\":{\"@type\":\"PropertyValueSpecification\",\"valueRequired\":true,\"valueName\":\"search_term_string\"}}],\"inLanguage\":\"es\"},{\"@type\":\"Organization\",\"@id\":\"https:\\\/\\\/rodrigodalborgo.com\\\/en\\\/#organization\",\"name\":\"Rodrigo Dal Borgo\",\"url\":\"https:\\\/\\\/rodrigodalborgo.com\\\/en\\\/\",\"logo\":{\"@type\":\"ImageObject\",\"inLanguage\":\"es\",\"@id\":\"https:\\\/\\\/rodrigodalborgo.com\\\/en\\\/#\\\/schema\\\/logo\\\/image\\\/\",\"url\":\"https:\\\/\\\/rodrigodalborgo.com\\\/wp-content\\\/uploads\\\/2025\\\/08\\\/cropped-Original-Logo-scaled-1.png\",\"contentUrl\":\"https:\\\/\\\/rodrigodalborgo.com\\\/wp-content\\\/uploads\\\/2025\\\/08\\\/cropped-Original-Logo-scaled-1.png\",\"width\":2050,\"height\":306,\"caption\":\"Rodrigo Dal Borgo\"},\"image\":{\"@id\":\"https:\\\/\\\/rodrigodalborgo.com\\\/en\\\/#\\\/schema\\\/logo\\\/image\\\/\"}}]}<\/script>\n<!-- \/ Yoast SEO plugin. -->","yoast_head_json":{"title":"Jesuit Refugee Project - Rodrigo Dal Borgo","robots":{"index":"index","follow":"follow","max-snippet":"max-snippet:-1","max-image-preview":"max-image-preview:large","max-video-preview":"max-video-preview:-1"},"canonical":"https:\/\/rodrigodalborgo.com\/es\/jesuit-refugee-project\/","og_locale":"es_ES","og_type":"article","og_title":"Jesuit Refugee Project - Rodrigo Dal Borgo","og_description":"THE FUTURE OF FORCED DISPLACEMENT: WHAT PROTECTION AND SOLUTIONS WILL FORCIBLY DISPLACED PERSONS HAVE BY 2050 FOR LIVING A DIGNIFIED LIFE? Context In 2024, the Jesuit Refugee Service (JRS) launched a participatory and evidence-informed foresight initiative to explore the future of forced displacement and guide the development of its next organisational strategy. The aim was [&hellip;]","og_url":"https:\/\/rodrigodalborgo.com\/es\/jesuit-refugee-project\/","og_site_name":"Rodrigo Dal Borgo","article_modified_time":"2025-09-19T10:03:01+00:00","og_image":[{"url":"https:\/\/rodrigodalborgo.com\/wp-content\/uploads\/2025\/08\/Diseno-sin-titulo-1.png","type":"","width":"","height":""}],"twitter_card":"summary_large_image","twitter_misc":{"Tiempo de lectura":"2 minutos"},"schema":{"@context":"https:\/\/schema.org","@graph":[{"@type":"WebPage","@id":"https:\/\/rodrigodalborgo.com\/jesuit-refugee-project\/","url":"https:\/\/rodrigodalborgo.com\/jesuit-refugee-project\/","name":"Jesuit Refugee Project - Rodrigo Dal Borgo","isPartOf":{"@id":"https:\/\/rodrigodalborgo.com\/en\/#website"},"primaryImageOfPage":{"@id":"https:\/\/rodrigodalborgo.com\/jesuit-refugee-project\/#primaryimage"},"image":{"@id":"https:\/\/rodrigodalborgo.com\/jesuit-refugee-project\/#primaryimage"},"thumbnailUrl":"https:\/\/rodrigodalborgo.com\/wp-content\/uploads\/2025\/08\/Diseno-sin-titulo-1.png","datePublished":"2025-09-15T12:53:43+00:00","dateModified":"2025-09-19T10:03:01+00:00","breadcrumb":{"@id":"https:\/\/rodrigodalborgo.com\/jesuit-refugee-project\/#breadcrumb"},"inLanguage":"es","potentialAction":[{"@type":"ReadAction","target":["https:\/\/rodrigodalborgo.com\/jesuit-refugee-project\/"]}]},{"@type":"ImageObject","inLanguage":"es","@id":"https:\/\/rodrigodalborgo.com\/jesuit-refugee-project\/#primaryimage","url":"https:\/\/rodrigodalborgo.com\/wp-content\/uploads\/2025\/08\/Diseno-sin-titulo-1.png","contentUrl":"https:\/\/rodrigodalborgo.com\/wp-content\/uploads\/2025\/08\/Diseno-sin-titulo-1.png"},{"@type":"BreadcrumbList","@id":"https:\/\/rodrigodalborgo.com\/jesuit-refugee-project\/#breadcrumb","itemListElement":[{"@type":"ListItem","position":1,"name":"Portada","item":"https:\/\/rodrigodalborgo.com\/"},{"@type":"ListItem","position":2,"name":"Jesuit Refugee Project"}]},{"@type":"WebSite","@id":"https:\/\/rodrigodalborgo.com\/en\/#website","url":"https:\/\/rodrigodalborgo.com\/en\/","name":"Rodrigo Dal Borgo","description":"","publisher":{"@id":"https:\/\/rodrigodalborgo.com\/en\/#organization"},"potentialAction":[{"@type":"SearchAction","target":{"@type":"EntryPoint","urlTemplate":"https:\/\/rodrigodalborgo.com\/en\/?s={search_term_string}"},"query-input":{"@type":"PropertyValueSpecification","valueRequired":true,"valueName":"search_term_string"}}],"inLanguage":"es"},{"@type":"Organization","@id":"https:\/\/rodrigodalborgo.com\/en\/#organization","name":"Rodrigo Dal Borgo","url":"https:\/\/rodrigodalborgo.com\/en\/","logo":{"@type":"ImageObject","inLanguage":"es","@id":"https:\/\/rodrigodalborgo.com\/en\/#\/schema\/logo\/image\/","url":"https:\/\/rodrigodalborgo.com\/wp-content\/uploads\/2025\/08\/cropped-Original-Logo-scaled-1.png","contentUrl":"https:\/\/rodrigodalborgo.com\/wp-content\/uploads\/2025\/08\/cropped-Original-Logo-scaled-1.png","width":2050,"height":306,"caption":"Rodrigo Dal Borgo"},"image":{"@id":"https:\/\/rodrigodalborgo.com\/en\/#\/schema\/logo\/image\/"}}]}},"_links":{"self":[{"href":"https:\/\/rodrigodalborgo.com\/es\/wp-json\/wp\/v2\/pages\/3341","targetHints":{"allow":["GET"]}}],"collection":[{"href":"https:\/\/rodrigodalborgo.com\/es\/wp-json\/wp\/v2\/pages"}],"about":[{"href":"https:\/\/rodrigodalborgo.com\/es\/wp-json\/wp\/v2\/types\/page"}],"author":[{"embeddable":true,"href":"https:\/\/rodrigodalborgo.com\/es\/wp-json\/wp\/v2\/users\/1"}],"replies":[{"embeddable":true,"href":"https:\/\/rodrigodalborgo.com\/es\/wp-json\/wp\/v2\/comments?post=3341"}],"version-history":[{"count":88,"href":"https:\/\/rodrigodalborgo.com\/es\/wp-json\/wp\/v2\/pages\/3341\/revisions"}],"predecessor-version":[{"id":3763,"href":"https:\/\/rodrigodalborgo.com\/es\/wp-json\/wp\/v2\/pages\/3341\/revisions\/3763"}],"wp:attachment":[{"href":"https:\/\/rodrigodalborgo.com\/es\/wp-json\/wp\/v2\/media?parent=3341"}],"curies":[{"name":"wp","href":"https:\/\/api.w.org\/{rel}","templated":true}]}}